{"id":81,"date":"2024-01-18T08:56:41","date_gmt":"2024-01-18T08:56:41","guid":{"rendered":"https:\/\/crad.cat\/?page_id=81"},"modified":"2024-01-18T08:57:53","modified_gmt":"2024-01-18T08:57:53","slug":"bienvenido-a-crad","status":"publish","type":"page","link":"https:\/\/crad.cat\/?page_id=81&lang=es","title":{"rendered":"BIENVENIDO A CRAD"},"content":{"rendered":"\n<p>Con una s\u00f3lida trayectoria que abarca m\u00e1s de una d\u00e9cada, nos complace presentarnos como l\u00edderes en la industria del embalaje. Contamos con un equipo de profesionales altamente calificados y especializados en diversos materiales, respaldados por el respaldo de proveedores internacionales de confianza.<\/p>\n\n\n\n<p><br>En CRAD EUROPA fusionamos nuestra experiencia con la calidad de los materiales que utilizamos, creando soluciones de embalaje innovadoras y adaptadas a las necesidades espec\u00edficas de nuestros clientes. Estamos orgullosos de colaborar con proveedores internacionales de renombre para garantizar la excelencia en cada etapa de nuestro proceso.<\/p>\n\n\n\n<p><br>Lo invitamos a ponerse en contacto con nosotros para discutir sus requisitos particulares o explorar posibles colaboraciones. Puede comunicarse con nuestro equipo a trav\u00e9s de nuestro correo electr\u00f3nico oficial:\u00a0info.crad.2023@gmail.com.<\/p>\n\n\n\n<p><br>Apreciamos la oportunidad de ser su socio en el campo del embalaje, ofreciendo no solo productos de calidad sino tambi\u00e9n una experiencia de servicio que refleje nuestro compromiso con la excelencia.<\/p>\n","protected":false},"excerpt":{"rendered":"<p>Con una s\u00f3lida trayectoria que abarca m\u00e1s de una d\u00e9cada, nos complace presentarnos como l\u00edderes en la industria del embalaje. Contamos con un equipo de profesionales altamente calificados y especializados en diversos materiales, respaldados por el respaldo de proveedores internacionales de confianza. En CRAD EUROPA fusionamos nuestra experiencia con la calidad de los materiales que &hellip; <\/p>\n<p class=\"link-more\"><a href=\"https:\/\/crad.cat\/?page_id=81&#038;lang=es\" class=\"more-link\">Leer m\u00e1s<span class=\"screen-reader-text\"> \u00abBIENVENIDO A CRAD\u00bb<\/span><\/a><\/p>\n","protected":false},"author":1,"featured_media":9,"parent":0,"menu_order":0,"comment_status":"closed","ping_status":"closed","template":"","meta":{"footnotes":""},"class_list":["post-81","page","type-page","status-publish","has-post-thumbnail","hentry"],"featured_media_urls":{"thumbnail":["https:\/\/crad.cat\/wp-content\/uploads\/2024\/01\/arboles1-150x150.jpg",150,150,true],"medium":["https:\/\/crad.cat\/wp-content\/uploads\/2024\/01\/arboles1-300x200.jpg",300,200,true],"medium_large":["https:\/\/crad.cat\/wp-content\/uploads\/2024\/01\/arboles1-768x512.jpg",768,512,true],"large":["https:\/\/crad.cat\/wp-content\/uploads\/2024\/01\/arboles1-1024x682.jpg",950,633,true],"1536x1536":["https:\/\/crad.cat\/wp-content\/uploads\/2024\/01\/arboles1.jpg",1280,853,false],"2048x2048":["https:\/\/crad.cat\/wp-content\/uploads\/2024\/01\/arboles1.jpg",1280,853,false],"inspiro-featured-image":["https:\/\/crad.cat\/wp-content\/uploads\/2024\/01\/arboles1.jpg",1280,853,false],"inspiro-loop":["https:\/\/crad.cat\/wp-content\/uploads\/2024\/01\/arboles1-950x320.jpg",950,320,true],"inspiro-loop@2x":["https:\/\/crad.cat\/wp-content\/uploads\/2024\/01\/arboles1-1280x640.jpg",1280,640,true],"portfolio_item-thumbnail":["https:\/\/crad.cat\/wp-content\/uploads\/2024\/01\/arboles1-600x400.jpg",600,400,true],"portfolio_item-thumbnail@2x":["https:\/\/crad.cat\/wp-content\/uploads\/2024\/01\/arboles1-1200x800.jpg",1200,800,true],"portfolio_item-masonry":["https:\/\/crad.cat\/wp-content\/uploads\/2024\/01\/arboles1-600x400.jpg",600,400,true],"portfolio_item-masonry@2x":["https:\/\/crad.cat\/wp-content\/uploads\/2024\/01\/arboles1-1200x800.jpg",1200,800,true],"portfolio_item-thumbnail_cinema":["https:\/\/crad.cat\/wp-content\/uploads\/2024\/01\/arboles1-800x335.jpg",800,335,true],"portfolio_item-thumbnail_portrait":["https:\/\/crad.cat\/wp-content\/uploads\/2024\/01\/arboles1-600x853.jpg",600,853,true],"portfolio_item-thumbnail_portrait@2x":["https:\/\/crad.cat\/wp-content\/uploads\/2024\/01\/arboles1-1200x853.jpg",1200,853,true],"portfolio_item-thumbnail_square":["https:\/\/crad.cat\/wp-content\/uploads\/2024\/01\/arboles1-800x800.jpg",800,800,true]},"_links":{"self":[{"href":"https:\/\/crad.cat\/index.php?rest_route=\/wp\/v2\/pages\/81","targetHints":{"allow":["GET"]}}],"collection":[{"href":"https:\/\/crad.cat\/index.php?rest_route=\/wp\/v2\/pages"}],"about":[{"href":"https:\/\/crad.cat\/index.php?rest_route=\/wp\/v2\/types\/page"}],"author":[{"embeddable":true,"href":"https:\/\/crad.cat\/index.php?rest_route=\/wp\/v2\/users\/1"}],"replies":[{"embeddable":true,"href":"https:\/\/crad.cat\/index.php?rest_route=%2Fwp%2Fv2%2Fcomments&post=81"}],"version-history":[{"count":1,"href":"https:\/\/crad.cat\/index.php?rest_route=\/wp\/v2\/pages\/81\/revisions"}],"predecessor-version":[{"id":82,"href":"https:\/\/crad.cat\/index.php?rest_route=\/wp\/v2\/pages\/81\/revisions\/82"}],"wp:featuredmedia":[{"embeddable":true,"href":"https:\/\/crad.cat\/index.php?rest_route=\/wp\/v2\/media\/9"}],"wp:attachment":[{"href":"https:\/\/crad.cat\/index.php?rest_route=%2Fwp%2Fv2%2Fmedia&parent=81"}],"curies":[{"name":"wp","href":"https:\/\/api.w.org\/{rel}","templated":true}]}}